{"id":1336,"date":"2022-02-09T01:54:37","date_gmt":"2022-02-09T00:54:37","guid":{"rendered":"http:\/\/wordpress.archigraphic.de\/en\/?page_id=1336"},"modified":"2022-02-09T01:55:46","modified_gmt":"2022-02-09T00:55:46","slug":"is-australia-ready-for-the-bim-mandate","status":"publish","type":"page","link":"http:\/\/wordpress.archigraphic.de\/en\/is-australia-ready-for-the-bim-mandate\/","title":{"rendered":"Is Australia ready for the BIM mandate?"},"content":{"rendered":"<p>[symple_column size=&#8221;three-fourth&#8221; position=&#8221;first&#8221; fade_in=&#8221;false&#8221;]<\/p>\n<p><strong>Title<\/strong> Is Australia ready for the BIM mandate?<br \/>\n<strong>Author<\/strong> Holger de Groot | 2021<br \/>\n<strong>Publisher<\/strong> Ernst &amp; Sohn | Berlin, Germany<\/p>\n<p>[symple_button url=&#8221;https:\/\/issuu.com\/ernst-und-sohn\/docs\/bim-2021\/59?ff&#8221; color=&#8221;black&#8221; size=&#8221;default&#8221; border_radius=&#8221;3px&#8221; target=&#8221;blank&#8221; rel=&#8221;&#8221; icon_left=&#8221;&#8221; icon_right=&#8221;&#8221;]Online (4 Pages | Read Only)[\/symple_button]<\/p>\n<p>[symple_divider style=&#8221;solid&#8221; margin_top=&#8221;20&#8243; margin_bottom=&#8221;20&#8243;]<\/p>\n<p><strong>BIM &#8211; Building Information Modelling 2021<br \/>\n<\/strong><\/p>\n<p style=\"text-align: justify;\">&#8220;F\u00fcr die einen business as usual, f\u00fcr die anderen ein Abenteuer, f\u00fcr dritte gar eine Episode \u2013 Relevanz und Aktualit\u00e4t des Themas BIM bleiben uns aber erhalten. L\u00e4ngst geht es nicht blo\u00df mehr \u2013 doch immer auch \u2013 um das Modeling, sondern um das Management von Informationen und um die Frage, wer wann und warum \u00fcber welche Daten verf\u00fcgen soll. Auch die Normung, bei der gern geg\u00e4hnt wird, spielt eine entscheidende Rolle \u2013 von DIN bis ISO.&#8221;<\/p>\n<p style=\"text-align: justify;\">&#8220;Diese Themen werden im Heft ebenso verhandelt wie die jetzt aktuellen Themen des E-Learnings und der virtuellen Konferenzen, aber auch Dauerbrenner wie die Schnittstellenproblematik.&#8221;<\/p>\n<p style=\"text-align: justify;\">&#8220;Bew\u00e4hrte, praxisbezogene Rubriken zu Bildung und Ausbildung, Recht und Versicherung, Ingenieurbau und Projektplanung aller Bereiche. Die Autoren aus dem In- und Ausland sind ausgewiesene Experten der digitalen Community; und die Augen reiben d\u00fcrfte sich der Leser wieder \u00fcber den das Heft aufmachenden Teil \u201eDigitalisierung im Diskurs\u201c mit Neuem, Unverhofften, Kritischem und immer auch Anwendbarem in durchweg origin\u00e4ren Beitr\u00e4gen.&#8221;<\/p>\n<p><strong>Source<\/strong> Ernst &amp; Sohn | Online-Publication | <span style=\"color: #000000;\"><a style=\"color: #000000;\" title=\"Ernst &amp; Sohn 2021\" href=\"https:\/\/www.ernst-und-sohn.de\/sonderhefte\/bim-building-information-modeling-2021\" target=\"_blank\" rel=\"noopener\">www.ernst-und-sohn.de<\/a><\/span> | Status: November 2021<\/p>\n<p>[\/symple_column]<\/p>\n<p>[symple_column size=&#8221;one-fourth&#8221; position=&#8221;last&#8221; fade_in=&#8221;false&#8221;]<br \/>\n<img loading=\"lazy\" decoding=\"async\" src=\"http:\/\/wordpress.archigraphic.de\/en\/wp-content\/uploads\/sites\/5\/2022\/02\/2021_Ernst__Sohn_Special.jpg\" alt=\"2021 Ernst &amp; Sohn Special\" width=\"212\" height=\"300\" \/><\/p>\n<p>[\/symple_column]<\/p>\n","protected":false},"excerpt":{"rendered":"<p>[symple_column size=&#8221;three-fourth&#8221; position=&#8221;first&#8221; fade_in=&#8221;false&#8221;] Title Is Australia ready for the BIM mandate? Author Holger de Groot | 2021 Publisher Ernst &amp; Sohn | Berlin, Germany [symple_button url=&#8221;https:\/\/issuu.com\/ernst-und-sohn\/docs\/bim-2021\/59?ff&#8221; color=&#8221;black&#8221; size=&#8221;default&#8221; border_radius=&#8221;3px&#8221; target=&#8221;blank&#8221; rel=&#8221;&#8221; icon_left=&#8221;&#8221; icon_right=&#8221;&#8221;]Online (4 Pages | Read Only)[\/symple_button] [symple_divider style=&#8221;solid&#8221; margin_top=&#8221;20&#8243; margin_bottom=&#8221;20&#8243;] BIM &#8211; Building Information Modelling 2021 &#8220;F\u00fcr die einen business as usual, [&hellip;]<\/p>\n","protected":false},"author":1,"featured_media":0,"parent":0,"menu_order":0,"comment_status":"closed","ping_status":"closed","template":"templates\/portfolio.php","meta":{"_s2mail":"yes","footnotes":""},"class_list":["post-1336","page","type-page","status-publish","hentry","page-entry","loop-entry","clr"],"_links":{"self":[{"href":"http:\/\/wordpress.archigraphic.de\/en\/wp-json\/wp\/v2\/pages\/1336","targetHints":{"allow":["GET"]}}],"collection":[{"href":"http:\/\/wordpress.archigraphic.de\/en\/wp-json\/wp\/v2\/pages"}],"about":[{"href":"http:\/\/wordpress.archigraphic.de\/en\/wp-json\/wp\/v2\/types\/page"}],"author":[{"embeddable":true,"href":"http:\/\/wordpress.archigraphic.de\/en\/wp-json\/wp\/v2\/users\/1"}],"replies":[{"embeddable":true,"href":"http:\/\/wordpress.archigraphic.de\/en\/wp-json\/wp\/v2\/comments?post=1336"}],"version-history":[{"count":4,"href":"http:\/\/wordpress.archigraphic.de\/en\/wp-json\/wp\/v2\/pages\/1336\/revisions"}],"predecessor-version":[{"id":1340,"href":"http:\/\/wordpress.archigraphic.de\/en\/wp-json\/wp\/v2\/pages\/1336\/revisions\/1340"}],"wp:attachment":[{"href":"http:\/\/wordpress.archigraphic.de\/en\/wp-json\/wp\/v2\/media?parent=1336"}],"curies":[{"name":"wp","href":"https:\/\/api.w.org\/{rel}","templated":true}]}}