{"id":423,"date":"2015-03-13T21:16:26","date_gmt":"2015-03-13T20:16:26","guid":{"rendered":"http:\/\/wordpress.archigraphic.de\/en\/?page_id=423"},"modified":"2015-03-13T21:18:22","modified_gmt":"2015-03-13T20:18:22","slug":"revit-user-forum-2010","status":"publish","type":"page","link":"http:\/\/wordpress.archigraphic.de\/en\/revit-user-forum-2010\/","title":{"rendered":"Revit User Forum"},"content":{"rendered":"<p>[symple_column size=&#8221;three-fourth&#8221; position=&#8221;first&#8221; fade_in=&#8221;false&#8221;]<\/p>\n<p><strong>Subject<\/strong> User Forum &#8211; Autodesk Revit Architecture<br \/>\n<strong>Date | Host<\/strong> 01st July 2010 | Bytes and Building GmbH<br \/>\n<strong>Venue<\/strong> Bytes and Building GmbH | Ditzingen | Germany<\/p>\n<p>[symple_divider style=&#8221;solid&#8221; margin_top=&#8221;20&#8243; margin_bottom=&#8221;20&#8243;]<\/p>\n<p style=\"text-align: justify;\">&#8220;Als Anwender von Autodesk Revit Architecture [&#8230;] arbeiten Sie t\u00e4glich mit der Software. Aber nutzen Sie in Ihrem Arbeitsalltag auch alle M\u00f6glichkeiten, die in diesen branchenspezifischen L\u00f6sungen stecken? Mit unseren Anwenderforen bieten wir Ihnen die Chance, Antworten auf Ihre produktspezifischen Fragen zu finden und Erfahrungen mit anderen Nutzern zu teilen.&#8221;<\/p>\n<p style=\"text-align: justify;\">&#8220;Im Mittelpunkt unserer Anwenderforen stehen die aktuellsten Softwarel\u00f6sungen f\u00fcr Architektur, Geb\u00e4udetechnik, Infrastruktur und CAD Allgemein. Informationen und Tipps und Tricks von unseren Profis sowie der Dialog mit anderen Anwendern versprechen unterhaltsame und lehrreiche Veranstaltungen.&#8221;<\/p>\n<p><strong>Source<\/strong> Bytes &amp; Building GmbH | Online-Publication | <span style=\"color: #000000;\"><a style=\"color: #000000;\" title=\"Bytes and Building\" href=\"http:\/\/www.bytesandbuilding.de\/\" target=\"_blank\">www.bytesandbuilding.de<\/a><\/span> | Status: 1st August 2010<\/p>\n<p>[\/symple_column]<\/p>\n<p>[symple_column size=&#8221;one-fourth&#8221; position=&#8221;last&#8221; fade_in=&#8221;false&#8221;]<br \/>\n<img loading=\"lazy\" decoding=\"async\" src=\"http:\/\/wordpress.archigraphic.de\/wp-content\/uploads\/2015\/02\/Autodesk-Revit-Architecture-Anwenderforum.jpg\" alt=\"Revit Anwenderforum\" width=\"255\" height=\"361\" \/><br \/>\n[\/symple_column]<\/p>\n","protected":false},"excerpt":{"rendered":"<p>[symple_column size=&#8221;three-fourth&#8221; position=&#8221;first&#8221; fade_in=&#8221;false&#8221;] Subject User Forum &#8211; Autodesk Revit Architecture Date | Host 01st July 2010 | Bytes and Building GmbH Venue Bytes and Building GmbH | Ditzingen | Germany [symple_divider style=&#8221;solid&#8221; margin_top=&#8221;20&#8243; margin_bottom=&#8221;20&#8243;] &#8220;Als Anwender von Autodesk Revit Architecture [&#8230;] arbeiten Sie t\u00e4glich mit der Software. Aber nutzen Sie in Ihrem Arbeitsalltag auch [&hellip;]<\/p>\n","protected":false},"author":1,"featured_media":0,"parent":0,"menu_order":0,"comment_status":"open","ping_status":"open","template":"templates\/portfolio.php","meta":{"_s2mail":"yes","footnotes":""},"class_list":["post-423","page","type-page","status-publish","hentry","page-entry","loop-entry","clr"],"_links":{"self":[{"href":"http:\/\/wordpress.archigraphic.de\/en\/wp-json\/wp\/v2\/pages\/423","targetHints":{"allow":["GET"]}}],"collection":[{"href":"http:\/\/wordpress.archigraphic.de\/en\/wp-json\/wp\/v2\/pages"}],"about":[{"href":"http:\/\/wordpress.archigraphic.de\/en\/wp-json\/wp\/v2\/types\/page"}],"author":[{"embeddable":true,"href":"http:\/\/wordpress.archigraphic.de\/en\/wp-json\/wp\/v2\/users\/1"}],"replies":[{"embeddable":true,"href":"http:\/\/wordpress.archigraphic.de\/en\/wp-json\/wp\/v2\/comments?post=423"}],"version-history":[{"count":2,"href":"http:\/\/wordpress.archigraphic.de\/en\/wp-json\/wp\/v2\/pages\/423\/revisions"}],"predecessor-version":[{"id":426,"href":"http:\/\/wordpress.archigraphic.de\/en\/wp-json\/wp\/v2\/pages\/423\/revisions\/426"}],"wp:attachment":[{"href":"http:\/\/wordpress.archigraphic.de\/en\/wp-json\/wp\/v2\/media?parent=423"}],"curies":[{"name":"wp","href":"https:\/\/api.w.org\/{rel}","templated":true}]}}