{"id":509,"date":"2015-03-14T21:33:28","date_gmt":"2015-03-14T20:33:28","guid":{"rendered":"http:\/\/wordpress.archigraphic.de\/en\/?page_id=509"},"modified":"2015-03-14T21:58:25","modified_gmt":"2015-03-14T20:58:25","slug":"tag-der-offenen-tuer-2014","status":"publish","type":"page","link":"http:\/\/wordpress.archigraphic.de\/en\/tag-der-offenen-tuer-2014\/","title":{"rendered":"Open Day"},"content":{"rendered":"<p>[symple_column size=&#8221;three-fourth&#8221; position=&#8221;first&#8221; fade_in=&#8221;false&#8221;]<\/p>\n<p><strong>Subject<\/strong> Open Day of the new Berlin Office<br \/>\n<strong>Date | Host<\/strong> 13th November 2014 | HDR TMK Berlin<br \/>\n<strong>Venue<\/strong> HDR TMK Berlin | Berlin | Germany<br \/>\n<strong>Presentation<\/strong> Holger de Groot | BIM Technology &#8211; The Future Starts Now<\/p>\n<p>[symple_button url=&#8221;http:\/\/wordpress.archigraphic.de\/wp-pdf\/BIM_Technology_-_The_Future_Starts_Now_(Eng).pdf&#8221; color=&#8221;black&#8221; size=&#8221;default&#8221; border_radius=&#8221;3px&#8221; target=&#8221;blank&#8221; rel=&#8221;&#8221; icon_left=&#8221;&#8221; icon_right=&#8221;&#8221;]Presentation (18 Pages | 3.830 KB)[\/symple_button]<\/p>\n<p>[symple_divider style=&#8221;solid&#8221; margin_top=&#8221;20&#8243; margin_bottom=&#8221;20&#8243;]<\/p>\n<p style=\"text-align: justify;\">&#8220;Das Team von HDR TMK Berlin ist umgezogen und feierte am 13.11.2014 die Er\u00f6ffnung mit Bauherren, Kollegen, Freunden und Familienmitgliedern mit einem Tag der offenen T\u00fcr am Bayerischen Platz 1. Roland Bautz von der Health Company Dresden GmbH hielt einen Vortrag \u00fcber Kommunikation bei Bauprojekten in Krankenh\u00e4usern und Holger de Groot, Regional BIM Director von HDR TMK sprach \u00fcber die Anwendung der BIM Technologie. Matthias Schmidt, Standortleiter Berlin freute sich \u00fcber die zahlreichen Besucher und Gl\u00fcckw\u00fcnsche.&#8221;<\/p>\n<p style=\"text-align: justify;\">&#8220;Seit der Fusion im M\u00e4rz 2013 geh\u00f6ren die ehemals TMK Architekten \u2022 Ingenieure zur global agierenden Unternehmensgruppe HDR Inc. Als HDR TMK Planungsgesellschaft agiert das Architekturunternehmen zuk\u00fcnftig als europ\u00e4isches Zentrum f\u00fcr Planungsleistungen in den Bereichen Gesundheits-, Wissenschafts- und Technologie-Design. Mit der Nutzung eines globalen Netzwerkes und der Zusammenarbeit in einem internationalen Expertenteam er\u00f6ffnen sich dabei neue M\u00f6glichkeiten im Bereich des Wissenstransfers insbesondere f\u00fcr hoch spezialisierte Science- &amp; Technologiebereiche.&#8221;<\/p>\n<p><strong>Source<\/strong> HDR TMK Planungsgesellschaft GmbH | Online-Publication | <span style=\"color: #000000;\"><a style=\"color: #000000;\" title=\"Tag der offenen T\u00fcr\" href=\"http:\/\/www.tmk-architekten.de\/de\/aktuelles\" target=\"_blank\">www.tmk-architekten.de<\/a><\/span> | Status: 18th November 2014<\/p>\n<p>[\/symple_column]<\/p>\n<p>[symple_column size=&#8221;one-fourth&#8221; position=&#8221;last&#8221; fade_in=&#8221;false&#8221;]<br \/>\n<img loading=\"lazy\" decoding=\"async\" src=\"http:\/\/wordpress.archigraphic.de\/wp-content\/uploads\/2015\/02\/HDR-TMK-Logo.png\" alt=\"HDR TMK Planungsgesellschaft GmbH\" width=\"255\" height=\"361\" \/><br \/>\n[\/symple_column]<\/p>\n","protected":false},"excerpt":{"rendered":"<p>[symple_column size=&#8221;three-fourth&#8221; position=&#8221;first&#8221; fade_in=&#8221;false&#8221;] Subject Open Day of the new Berlin Office Date | Host 13th November 2014 | HDR TMK Berlin Venue HDR TMK Berlin | Berlin | Germany Presentation Holger de Groot | BIM Technology &#8211; The Future Starts Now [symple_button url=&#8221;http:\/\/wordpress.archigraphic.de\/wp-pdf\/BIM_Technology_-_The_Future_Starts_Now_(Eng).pdf&#8221; color=&#8221;black&#8221; size=&#8221;default&#8221; border_radius=&#8221;3px&#8221; target=&#8221;blank&#8221; rel=&#8221;&#8221; icon_left=&#8221;&#8221; icon_right=&#8221;&#8221;]Presentation (18 Pages | 3.830 [&hellip;]<\/p>\n","protected":false},"author":1,"featured_media":0,"parent":0,"menu_order":0,"comment_status":"open","ping_status":"open","template":"templates\/portfolio.php","meta":{"_s2mail":"yes","footnotes":""},"class_list":["post-509","page","type-page","status-publish","hentry","page-entry","loop-entry","clr"],"_links":{"self":[{"href":"http:\/\/wordpress.archigraphic.de\/en\/wp-json\/wp\/v2\/pages\/509","targetHints":{"allow":["GET"]}}],"collection":[{"href":"http:\/\/wordpress.archigraphic.de\/en\/wp-json\/wp\/v2\/pages"}],"about":[{"href":"http:\/\/wordpress.archigraphic.de\/en\/wp-json\/wp\/v2\/types\/page"}],"author":[{"embeddable":true,"href":"http:\/\/wordpress.archigraphic.de\/en\/wp-json\/wp\/v2\/users\/1"}],"replies":[{"embeddable":true,"href":"http:\/\/wordpress.archigraphic.de\/en\/wp-json\/wp\/v2\/comments?post=509"}],"version-history":[{"count":4,"href":"http:\/\/wordpress.archigraphic.de\/en\/wp-json\/wp\/v2\/pages\/509\/revisions"}],"predecessor-version":[{"id":528,"href":"http:\/\/wordpress.archigraphic.de\/en\/wp-json\/wp\/v2\/pages\/509\/revisions\/528"}],"wp:attachment":[{"href":"http:\/\/wordpress.archigraphic.de\/en\/wp-json\/wp\/v2\/media?parent=509"}],"curies":[{"name":"wp","href":"https:\/\/api.w.org\/{rel}","templated":true}]}}