{"id":515,"date":"2015-03-14T21:37:45","date_gmt":"2015-03-14T20:37:45","guid":{"rendered":"http:\/\/wordpress.archigraphic.de\/en\/?page_id=515"},"modified":"2015-03-14T22:00:49","modified_gmt":"2015-03-14T21:00:49","slug":"bau-und-architekturtag-2012","status":"publish","type":"page","link":"http:\/\/wordpress.archigraphic.de\/en\/bau-und-architekturtag-2012\/","title":{"rendered":"Day of Construction and Architecture"},"content":{"rendered":"<p>[symple_column size=&#8221;three-fourth&#8221; position=&#8221;first&#8221; fade_in=&#8221;false&#8221;]<\/p>\n<p><strong>Subject<\/strong> Meet like-minded Pioneers at this year&#8217;s Day of Construction and Architecture<br \/>\n<strong>Date | Host<\/strong> 15th June 2012 | Hafner&#8217;s Buero GmbH<br \/>\n<strong>Venue<\/strong> Hafner&#8217;s Buero GmbH | Stuttgart | Germany<br \/>\n<strong>Presentation<\/strong> Holger de Groot | Building Information Modelling in Practice<\/p>\n<p>[symple_button url=&#8221;http:\/\/wordpress.archigraphic.de\/wp-pdf\/Building_Information_Modeling_in_der_Praxis_(Ger).pdf&#8221; color=&#8221;black&#8221; size=&#8221;default&#8221; border_radius=&#8221;3px&#8221; target=&#8221;blank&#8221; rel=&#8221;&#8221; icon_left=&#8221;&#8221; icon_right=&#8221;&#8221;]Presentation (39 Pages | 2.277 KB)[\/symple_button]<\/p>\n<p>[symple_divider style=&#8221;solid&#8221; margin_top=&#8221;20&#8243; margin_bottom=&#8221;20&#8243;]<\/p>\n<p style=\"text-align: justify;\"><strong>Building Information Modelling in Practice<\/strong><br \/>\n&#8220;Holger de Groot, BIM Coordination Manager bei TMK Architekten \u2022 Ingenieure, berichtet von der Zusammenarbeit im virtuellen Geb\u00e4udedatenmodell und seinen Erfahrungen mit BIM Execution Pl\u00e4nen. TMK Architekten \u2022 Ingenieure plant und realisiert mit \u00fcber 190 Mitarbeitern Bauten des Gesundheitswesens und geh\u00f6rt auf diesem Gebiet zu den f\u00fchrenden B\u00fcros in Deutschland.&#8221;<\/p>\n<p style=\"text-align: justify;\"><strong>Project Work with Revit Architecture<\/strong><br \/>\n&#8220;2008 bis 2011 wurde die Mercedes-Benz Arena von &#8216;asp&#8217; Architekten Stuttgart in eine reine Fu\u00dfballarena umgebaut &#8211; der gro\u00dfe Traum des VfB Stuttgarts und seiner Fans. Welche Rolle dabei Revit und Hafner&#8217;s B\u00fcro spielten und welche Erfahrungen seither bei der Projektarbeit \u2013 speziell mit Revit Architecture \u2013 gemacht wurden, davon berichtet Rufus Nielsen, Dipl.-Ing. Architekt von &#8216;asp&#8217; Architekten Stuttgart. Zu den Arbeitsschwerpunkten des international t\u00e4tigen B\u00fcros mit ca. 40 Mitarbeitern z\u00e4hlen die Planung von Stadien und Sportst\u00e4tten, \u00f6ffentlichen Bauten, B\u00fcro- und Wohngeb\u00e4uden sowie die Entwicklung von st\u00e4dtebaulichen Gesamtkonzepten.&#8221;<\/p>\n<p style=\"text-align: justify;\"><strong>Produkt Lifecycle Management in the Cloud<\/strong><br \/>\n&#8220;Wenn Sie an einem individuellen PLM Konzept f\u00fcr Ihr Unternehmen interessiert sind, haben Sie beim Vortrag von PLM Experten Klaus Loerincz von Autodesk die Gelegenheit , sich das n\u00f6tige Know-How zu holen. Erfahren Sie, wie Ghery, Z\u00fcblin und Jacobs mit PLM arbeiten und nutzen Sie in einer anschlie\u00dfenden Diskussion die Gelegenheit, Ihre Fragen zu stellen. Anders als traditionelle PLM-Systeme ist Autodesk PLM 360 eine kosteng\u00fcnstigere, sofort verf\u00fcgbare und Cloud basierte PLM-L\u00f6sung. Die Software kann einfach in bestehende Systeme integriert und daran angepasst werden.&#8221;<\/p>\n<p style=\"text-align: justify;\"><strong>3D Print Live Experience<\/strong><br \/>\n&#8220;Sie haben schon von unserem 3D Drucker MakerBot Replicator geh\u00f6rt und m\u00f6chten Ihn nun selbst in Aktion sehen? Beim BAU- und ARCHITEKTURTAG haben Sie die Gelegenheit dazu! Nehmen Sie die bereits erstellten Architekturmodelle in Augenschein und erleben Sie, wie ein neues Modell Schicht f\u00fcr Schicht entsteht.&#8221;<\/p>\n<p style=\"text-align: justify;\"><strong>The new Product Features<\/strong><br \/>\n&#8220;Erfahren Sie in Einzelvortr\u00e4gen zur Building Design Suite, Revit Structure, AutoCAD und AutoCAD Architecture von unseren Architekten und Ingenieuren Tipps und Tricks, wie die neuen Funktionen Ihre Arbeit unterst\u00fctzen.&#8221;<\/p>\n<p><strong>Source<\/strong> Hafner&#8217;s Buero GmbH | Online-Publication | <span style=\"color: #000000;\"><a style=\"color: #000000;\" title=\"Hafner's B\u00fcro\" href=\"http:\/\/www.hafners-buero.de\/bauwesen\/willkommen.html\" target=\"_blank\">www.hafners-buero.de<\/a><\/span> | Status: July 2012<\/p>\n<p>[\/symple_column]<\/p>\n<p>[symple_column size=&#8221;one-fourth&#8221; position=&#8221;last&#8221; fade_in=&#8221;false&#8221;]<br \/>\n<img loading=\"lazy\" decoding=\"async\" src=\"http:\/\/wordpress.archigraphic.de\/wp-content\/uploads\/2015\/02\/Bau-_und_Architekturtag_2012.jpg\" alt=\"Bau- und Architekturtag\" width=\"255\" height=\"361\" \/><br \/>\n[\/symple_column]<\/p>\n","protected":false},"excerpt":{"rendered":"<p>[symple_column size=&#8221;three-fourth&#8221; position=&#8221;first&#8221; fade_in=&#8221;false&#8221;] Subject Meet like-minded Pioneers at this year&#8217;s Day of Construction and Architecture Date | Host 15th June 2012 | Hafner&#8217;s Buero GmbH Venue Hafner&#8217;s Buero GmbH | Stuttgart | Germany Presentation Holger de Groot | Building Information Modelling in Practice [symple_button url=&#8221;http:\/\/wordpress.archigraphic.de\/wp-pdf\/Building_Information_Modeling_in_der_Praxis_(Ger).pdf&#8221; color=&#8221;black&#8221; size=&#8221;default&#8221; border_radius=&#8221;3px&#8221; target=&#8221;blank&#8221; rel=&#8221;&#8221; icon_left=&#8221;&#8221; icon_right=&#8221;&#8221;]Presentation (39 Pages [&hellip;]<\/p>\n","protected":false},"author":1,"featured_media":0,"parent":0,"menu_order":0,"comment_status":"open","ping_status":"open","template":"templates\/portfolio.php","meta":{"_s2mail":"yes","footnotes":""},"class_list":["post-515","page","type-page","status-publish","hentry","page-entry","loop-entry","clr"],"_links":{"self":[{"href":"http:\/\/wordpress.archigraphic.de\/en\/wp-json\/wp\/v2\/pages\/515","targetHints":{"allow":["GET"]}}],"collection":[{"href":"http:\/\/wordpress.archigraphic.de\/en\/wp-json\/wp\/v2\/pages"}],"about":[{"href":"http:\/\/wordpress.archigraphic.de\/en\/wp-json\/wp\/v2\/types\/page"}],"author":[{"embeddable":true,"href":"http:\/\/wordpress.archigraphic.de\/en\/wp-json\/wp\/v2\/users\/1"}],"replies":[{"embeddable":true,"href":"http:\/\/wordpress.archigraphic.de\/en\/wp-json\/wp\/v2\/comments?post=515"}],"version-history":[{"count":5,"href":"http:\/\/wordpress.archigraphic.de\/en\/wp-json\/wp\/v2\/pages\/515\/revisions"}],"predecessor-version":[{"id":529,"href":"http:\/\/wordpress.archigraphic.de\/en\/wp-json\/wp\/v2\/pages\/515\/revisions\/529"}],"wp:attachment":[{"href":"http:\/\/wordpress.archigraphic.de\/en\/wp-json\/wp\/v2\/media?parent=515"}],"curies":[{"name":"wp","href":"https:\/\/api.w.org\/{rel}","templated":true}]}}