{"id":711,"date":"2015-10-15T01:33:57","date_gmt":"2015-10-14T23:33:57","guid":{"rendered":"http:\/\/wordpress.archigraphic.de\/en\/?page_id=711"},"modified":"2015-10-15T01:33:57","modified_gmt":"2015-10-14T23:33:57","slug":"lhw-workshop","status":"publish","type":"page","link":"http:\/\/wordpress.archigraphic.de\/en\/lhw-workshop\/","title":{"rendered":"LHW Workshop"},"content":{"rendered":"<p>[symple_column size=&#8221;three-fourth&#8221; position=&#8221;first&#8221; fade_in=&#8221;false&#8221;]<\/p>\n<p><strong>Subject<\/strong> Revit &#8211; Tipps and Tricks<br \/>\n<strong>Date | Host<\/strong> 09th October 2015 | Hafner&#8217;s Buero GmbH<br \/>\n<strong>Referee<\/strong> User Experience Exchange | Hafner&#8217;s Buero GmbH<\/p>\n<p>[symple_divider style=&#8221;solid&#8221; margin_top=&#8221;20&#8243; margin_bottom=&#8221;20&#8243;]<\/p>\n<p style=\"text-align: justify;\"><strong>Goal<\/strong> &#8220;Tauschen Sie sich mit anderen Revitanwendern aus. Informieren Sie \u00fcber Ihre eigenen Erfahrungen und Arbeitsweisen mit Revit und erfahren von anderen Anwendern \u00fcber deren Arbeitsmethoden. Diesen Workshop f\u00fchren wir auf Wunsch und Anregung der Revit-LHW-Workshopbesucher durch. Gerne d\u00fcrfen Sie uns Ihre Themenvorschl\u00e4ge und Beispiele zukommen lassen. Dieser LHW-Workshop erfordert eine aktive Beteiligung der Teilnehmer.&#8221;<\/p>\n<p><strong>Benefit<\/strong> &#8220;Lernen und erfahren Sie von anderen Revitanwendern und tauschen Sie sich gezielt untereinander aus.&#8221;<\/p>\n<p><strong>Source<\/strong> Hafner&#8217;s Buero GmbH | Online-Publication | <a title=\"Hafner's B\u00fcro GmbH\" href=\"http:\/\/www.hafners-buero.de\/bauwesen\/termine\/lhw-workshops.html\" target=\"_blank\"><span style=\"color: #000000;\">www.hafners-buero.de<\/span><\/a> | Status: 15th October 2015<\/p>\n<p>[\/symple_column]<\/p>\n<p>[symple_column size=&#8221;one-fourth&#8221; position=&#8221;last&#8221; fade_in=&#8221;false&#8221;]<\/p>\n<p><img loading=\"lazy\" decoding=\"async\" src=\"http:\/\/wordpress.archigraphic.de\/wp-content\/uploads\/2015\/10\/Autodesk-Revit-Workshop-Tipps-and-Tricks.jpg\" alt=\"Revit - Tipps und Tricks\" width=\"255\" height=\"361\" \/><\/p>\n<p>[\/symple_column]<\/p>\n","protected":false},"excerpt":{"rendered":"<p>[symple_column size=&#8221;three-fourth&#8221; position=&#8221;first&#8221; fade_in=&#8221;false&#8221;] Subject Revit &#8211; Tipps and Tricks Date | Host 09th October 2015 | Hafner&#8217;s Buero GmbH Referee User Experience Exchange | Hafner&#8217;s Buero GmbH [symple_divider style=&#8221;solid&#8221; margin_top=&#8221;20&#8243; margin_bottom=&#8221;20&#8243;] Goal &#8220;Tauschen Sie sich mit anderen Revitanwendern aus. Informieren Sie \u00fcber Ihre eigenen Erfahrungen und Arbeitsweisen mit Revit und erfahren von anderen Anwendern [&hellip;]<\/p>\n","protected":false},"author":1,"featured_media":0,"parent":0,"menu_order":0,"comment_status":"closed","ping_status":"closed","template":"templates\/portfolio.php","meta":{"_s2mail":"yes","footnotes":""},"class_list":["post-711","page","type-page","status-publish","hentry","page-entry","loop-entry","clr"],"_links":{"self":[{"href":"http:\/\/wordpress.archigraphic.de\/en\/wp-json\/wp\/v2\/pages\/711","targetHints":{"allow":["GET"]}}],"collection":[{"href":"http:\/\/wordpress.archigraphic.de\/en\/wp-json\/wp\/v2\/pages"}],"about":[{"href":"http:\/\/wordpress.archigraphic.de\/en\/wp-json\/wp\/v2\/types\/page"}],"author":[{"embeddable":true,"href":"http:\/\/wordpress.archigraphic.de\/en\/wp-json\/wp\/v2\/users\/1"}],"replies":[{"embeddable":true,"href":"http:\/\/wordpress.archigraphic.de\/en\/wp-json\/wp\/v2\/comments?post=711"}],"version-history":[{"count":3,"href":"http:\/\/wordpress.archigraphic.de\/en\/wp-json\/wp\/v2\/pages\/711\/revisions"}],"predecessor-version":[{"id":714,"href":"http:\/\/wordpress.archigraphic.de\/en\/wp-json\/wp\/v2\/pages\/711\/revisions\/714"}],"wp:attachment":[{"href":"http:\/\/wordpress.archigraphic.de\/en\/wp-json\/wp\/v2\/media?parent=711"}],"curies":[{"name":"wp","href":"https:\/\/api.w.org\/{rel}","templated":true}]}}