{"id":890,"date":"2017-01-12T14:24:58","date_gmt":"2017-01-12T13:24:58","guid":{"rendered":"http:\/\/wordpress.archigraphic.de\/en\/?page_id=890"},"modified":"2022-02-09T01:56:49","modified_gmt":"2022-02-09T00:56:49","slug":"bim-in-australia-and-germany","status":"publish","type":"page","link":"http:\/\/wordpress.archigraphic.de\/en\/bim-in-australia-and-germany\/","title":{"rendered":"BIM in Australia and Germany"},"content":{"rendered":"<p>[symple_column size=&#8221;three-fourth&#8221; position=&#8221;first&#8221; fade_in=&#8221;false&#8221;]<\/p>\n<p><strong>Title<\/strong> BIM in Australia and Germany<br \/>\n<strong>Author<\/strong> Holger de Groot | 2016<br \/>\n<strong>Publisher<\/strong> Ernst &amp; Sohn | Berlin, Germany<\/p>\n<p>[symple_button url=&#8221;http:\/\/wordpress.archigraphic.de\/wp-pdf\/2016_Ernst_&amp;_Sohn_Special_-_BIM_Flyer.pdf&#8221; color=&#8221;black&#8221; size=&#8221;default&#8221; border_radius=&#8221;3px&#8221; target=&#8221;blank&#8221; rel=&#8221;&#8221; icon_left=&#8221;&#8221; icon_right=&#8221;&#8221;]BIM Flyer (3 Pages | 110 KB)[\/symple_button]<\/p>\n<p>[symple_divider style=&#8221;solid&#8221; margin_top=&#8221;20&#8243; margin_bottom=&#8221;20&#8243;]<\/p>\n<p><strong>BIM &#8211; Building Information Modelling 2016<br \/>\n<\/strong><\/p>\n<p style=\"text-align: justify;\">&#8220;Der Wandel h\u00e4lt immer deutlicheren Einzug. Die Digitalisierung des Bauens schreitet voran und die Arbeitsmethode BIM ist dabei ein wesentlicher Aspekt, gewiss aber nicht der einzige. Dieser Entwicklung tr\u00e4gt die 4. Ausgabe des Sonderheftes BIM Rechnung. Fast lie\u00dfe sich sagen, &#8220;wo BIM draufsteht, ist Digitalisierung drin&#8221;. Entsprechend wird die diesj\u00e4hrige Ausgabe des Heftes sich mit der Implementierung digitaler Prozesse, dem daf\u00fcr erforderlichen Projektmanagement und nat\u00fcrlich dem damit einhergehenden Wandel von Arbeit- und Unternehmensstrukturen befassen. Der entscheidend wichtigen Frage der Normenfindung wird ebenso Raum gegeben wie der nach Ausbildung und neuen Berufen. BIM und die Hersteller, BIM im Controlling und der Blick ins Ausland geh\u00f6ren genauso dazu wie praxisnahe Projektberichte und Fachbeitr\u00e4ge aus Ingenieurbau und Architektur. Das vielbeachtete Heft wird auch 2016 jene Zukunft des Bauens weiterschreiben, die nicht erst gestern begonnen hat.&#8221;<\/p>\n<p><strong>Source<\/strong> Ernst &amp; Sohn | Online-Publication | <span style=\"color: #000000;\"><a style=\"color: #000000;\" title=\"Ernst &amp; Sohn 2016\" href=\"https:\/\/www.ernst-und-sohn.de\/sites\/default\/files\/2016_bim-flyer.pdf\" target=\"_blank\" rel=\"noopener\">www.ernst-und-sohn.de<\/a><\/span> | Status: November 2016<\/p>\n<p>[\/symple_column]<\/p>\n<p>[symple_column size=&#8221;one-fourth&#8221; position=&#8221;last&#8221; fade_in=&#8221;false&#8221;]<br \/>\n<img loading=\"lazy\" decoding=\"async\" src=\"http:\/\/wordpress.archigraphic.de\/en\/wp-content\/uploads\/sites\/5\/2017\/01\/2016_Ernst__Sohn_Special-212x300.jpg\" alt=\"2016 Ernst &amp; Sohn Special\" width=\"212\" height=\"300\" \/><\/p>\n<p>[\/symple_column]<\/p>\n","protected":false},"excerpt":{"rendered":"<p>[symple_column size=&#8221;three-fourth&#8221; position=&#8221;first&#8221; fade_in=&#8221;false&#8221;] Title BIM in Australia and Germany Author Holger de Groot | 2016 Publisher Ernst &amp; Sohn | Berlin, Germany [symple_button url=&#8221;http:\/\/wordpress.archigraphic.de\/wp-pdf\/2016_Ernst_&amp;_Sohn_Special_-_BIM_Flyer.pdf&#8221; color=&#8221;black&#8221; size=&#8221;default&#8221; border_radius=&#8221;3px&#8221; target=&#8221;blank&#8221; rel=&#8221;&#8221; icon_left=&#8221;&#8221; icon_right=&#8221;&#8221;]BIM Flyer (3 Pages | 110 KB)[\/symple_button] [symple_divider style=&#8221;solid&#8221; margin_top=&#8221;20&#8243; margin_bottom=&#8221;20&#8243;] BIM &#8211; Building Information Modelling 2016 &#8220;Der Wandel h\u00e4lt immer deutlicheren Einzug. Die [&hellip;]<\/p>\n","protected":false},"author":1,"featured_media":0,"parent":0,"menu_order":0,"comment_status":"closed","ping_status":"closed","template":"templates\/portfolio.php","meta":{"_s2mail":"yes","footnotes":""},"class_list":["post-890","page","type-page","status-publish","hentry","page-entry","loop-entry","clr"],"_links":{"self":[{"href":"http:\/\/wordpress.archigraphic.de\/en\/wp-json\/wp\/v2\/pages\/890","targetHints":{"allow":["GET"]}}],"collection":[{"href":"http:\/\/wordpress.archigraphic.de\/en\/wp-json\/wp\/v2\/pages"}],"about":[{"href":"http:\/\/wordpress.archigraphic.de\/en\/wp-json\/wp\/v2\/types\/page"}],"author":[{"embeddable":true,"href":"http:\/\/wordpress.archigraphic.de\/en\/wp-json\/wp\/v2\/users\/1"}],"replies":[{"embeddable":true,"href":"http:\/\/wordpress.archigraphic.de\/en\/wp-json\/wp\/v2\/comments?post=890"}],"version-history":[{"count":5,"href":"http:\/\/wordpress.archigraphic.de\/en\/wp-json\/wp\/v2\/pages\/890\/revisions"}],"predecessor-version":[{"id":1343,"href":"http:\/\/wordpress.archigraphic.de\/en\/wp-json\/wp\/v2\/pages\/890\/revisions\/1343"}],"wp:attachment":[{"href":"http:\/\/wordpress.archigraphic.de\/en\/wp-json\/wp\/v2\/media?parent=890"}],"curies":[{"name":"wp","href":"https:\/\/api.w.org\/{rel}","templated":true}]}}