{"id":949,"date":"2017-07-29T14:36:22","date_gmt":"2017-07-29T12:36:22","guid":{"rendered":"http:\/\/wordpress.archigraphic.de\/en\/?page_id=949"},"modified":"2019-03-23T02:56:19","modified_gmt":"2019-03-23T01:56:19","slug":"07th-convention-frankfurt-2017","status":"publish","type":"page","link":"http:\/\/wordpress.archigraphic.de\/en\/07th-convention-frankfurt-2017\/","title":{"rendered":"07th Convention Frankfurt 2017"},"content":{"rendered":"<p>[symple_column size=&#8221;three-fourth&#8221; position=&#8221;first&#8221; fade_in=&#8221;false&#8221;]<\/p>\n<p><strong>Title<\/strong> The 7th Convention &#8211; The Hospital Building of the Next Generation<br \/>\n<strong>Subject<\/strong> Path-finding ideas and practical impulses for a better economy and performance<br \/>\n<strong>Date | Host<\/strong> 28th &#8211; 29th June 2017 | Apleona Bauperformance GmbH<br \/>\n<strong>Venue<\/strong> Sheraton Airport &amp; Conference Center | Frankfurt am Main, Germany<\/p>\n<p>[symple_button url=&#8221;http:\/\/wordpress.archigraphic.de\/wp-pdf\/BIM_-_The_Digital_Future_of_the_AEC_Industry_-_Abstract_(ENG).pdf&#8221; color=&#8221;black&#8221; size=&#8221;default&#8221; border_radius=&#8221;3px&#8221; target=&#8221;blank&#8221; rel=&#8221;&#8221; icon_left=&#8221;&#8221; icon_right=&#8221;&#8221;]Abstract (1 Page | 286 KB)[\/symple_button]<\/p>\n<p>[symple_button url=&#8221;http:\/\/wordpress.archigraphic.de\/wp-pdf\/BIM_-_The_Digital_Future_of_the_AEC_Industry_(ENG).pdf&#8221; color=&#8221;black&#8221; size=&#8221;default&#8221; border_radius=&#8221;3px&#8221; target=&#8221;blank&#8221; rel=&#8221;&#8221; icon_left=&#8221;&#8221; icon_right=&#8221;&#8221;]Presentation (26 Pages | 10.565 KB)[\/symple_button]<\/p>\n<p>[symple_button url=&#8221;http:\/\/wordpress.archigraphic.de\/wp-pdf\/7_Fachkongress_Klinikimmobilie_-_Programm_(Eng).pdf&#8221; color=&#8221;black&#8221; size=&#8221;default&#8221; border_radius=&#8221;3px&#8221; target=&#8221;blank&#8221; rel=&#8221;&#8221; icon_left=&#8221;&#8221; icon_right=&#8221;&#8221;]Program (12 Pages | 2.529 KB)[\/symple_button]<\/p>\n<p>[symple_divider style=&#8221;solid&#8221; margin_top=&#8221;20&#8243; margin_bottom=&#8221;20&#8243;]<\/p>\n<p><strong>BIM &#8211; The Digital Future of the AEC Industry<\/strong><\/p>\n<p style=\"text-align: justify;\">&#8220;Mit einem erneuten Besucherrekord endete am 29. Juni der 7. Kongress \u201eDie Klinikimmobilie der n\u00e4chsten Generation \u2013 Wegweisende Impulse aus der Praxis f\u00fcr eine bessere \u00d6konomie und Performance in Frankfurt\u201c . 230 f\u00fchrende Mitarbeiter und Vertreter von Gesundheitsimmobilien, Planer, Architekten sowie Juristen und Vertreter von Institutionen und aus Unternehmen kamen nach Frankfurt. Das in Deutschland und \u00d6sterreich etablierte Format \u2013 weitere Tagungen in mehreren europ\u00e4ischen L\u00e4ndern sind in Planung \u2013 st\u00f6\u00dft zunehmend auf Interesse aus Luxemburg, den Niederlanden, der Schweiz ,D\u00e4nemark, den USA und aus Australien.&#8221;<\/p>\n<p style=\"text-align: justify;\">&#8220;Die Teilnehmer interessierten sich f\u00fcr 40 Vortr\u00e4ge, die wie in jedem Jahr ein breites Spektrum im Bereich des Gesundheitswesens abdeckten. Erfahrene Speaker aus dem In- und Ausland stellten Projekte vor und teilten ihre Erfahrungen mit den Zuschauern beispielsweise zu Bau und Betrieb von Gesundheitsimmobilien, Krankenhausbau und \u2013ausstattung, internationale Projekte, BIM, Planen und Bauen sowie juristische Themen.&#8221;<\/p>\n<p><strong>Source<\/strong> Congress and Press | Online-Publication | <span style=\"color: #000000;\"><a style=\"color: #000000;\" title=\"Die Klinikimmobilie der n\u00e4chsten Generation\" href=\"http:\/\/dieklinikimmobilie.com\/konferenz-2017\/\" target=\"_blank\" rel=\"noopener noreferrer\">www.dieklinikimmobilie.com<\/a><\/span> | Status: 29th July 2017<\/p>\n<p>[\/symple_column]<\/p>\n<p>[symple_column size=&#8221;one-fourth&#8221; position=&#8221;last&#8221; fade_in=&#8221;false&#8221;]<br \/>\n<img loading=\"lazy\" decoding=\"async\" src=\"http:\/\/wordpress.archigraphic.de\/en\/wp-content\/uploads\/sites\/5\/2017\/07\/7_Fachkongress_Klinikimmobilie_Eng.jpg\" alt=\"7. Fachkongress Klinikimmobilie\" width=\"255\" height=\"361\"><br \/>\n[\/symple_column]<\/p>\n","protected":false},"excerpt":{"rendered":"<p>[symple_column size=&#8221;three-fourth&#8221; position=&#8221;first&#8221; fade_in=&#8221;false&#8221;] Title The 7th Convention &#8211; The Hospital Building of the Next Generation Subject Path-finding ideas and practical impulses for a better economy and performance Date | Host 28th &#8211; 29th June 2017 | Apleona Bauperformance GmbH Venue Sheraton Airport &amp; Conference Center | Frankfurt am Main, Germany [symple_button url=&#8221;http:\/\/wordpress.archigraphic.de\/wp-pdf\/BIM_-_The_Digital_Future_of_the_AEC_Industry_-_Abstract_(ENG).pdf&#8221; color=&#8221;black&#8221; size=&#8221;default&#8221; [&hellip;]<\/p>\n","protected":false},"author":1,"featured_media":0,"parent":0,"menu_order":0,"comment_status":"closed","ping_status":"closed","template":"templates\/portfolio.php","meta":{"_s2mail":"yes","footnotes":""},"class_list":["post-949","page","type-page","status-publish","hentry","page-entry","loop-entry","clr"],"_links":{"self":[{"href":"http:\/\/wordpress.archigraphic.de\/en\/wp-json\/wp\/v2\/pages\/949","targetHints":{"allow":["GET"]}}],"collection":[{"href":"http:\/\/wordpress.archigraphic.de\/en\/wp-json\/wp\/v2\/pages"}],"about":[{"href":"http:\/\/wordpress.archigraphic.de\/en\/wp-json\/wp\/v2\/types\/page"}],"author":[{"embeddable":true,"href":"http:\/\/wordpress.archigraphic.de\/en\/wp-json\/wp\/v2\/users\/1"}],"replies":[{"embeddable":true,"href":"http:\/\/wordpress.archigraphic.de\/en\/wp-json\/wp\/v2\/comments?post=949"}],"version-history":[{"count":5,"href":"http:\/\/wordpress.archigraphic.de\/en\/wp-json\/wp\/v2\/pages\/949\/revisions"}],"predecessor-version":[{"id":1196,"href":"http:\/\/wordpress.archigraphic.de\/en\/wp-json\/wp\/v2\/pages\/949\/revisions\/1196"}],"wp:attachment":[{"href":"http:\/\/wordpress.archigraphic.de\/en\/wp-json\/wp\/v2\/media?parent=949"}],"curies":[{"name":"wp","href":"https:\/\/api.w.org\/{rel}","templated":true}]}}