{"id":11,"date":"2015-04-25T18:27:13","date_gmt":"2015-04-25T16:27:13","guid":{"rendered":"http:\/\/wordpress.archigraphic.de\/ferienhaus-dat-huuske\/?page_id=11"},"modified":"2022-03-04T02:10:58","modified_gmt":"2022-03-04T01:10:58","slug":"dat-huuske","status":"publish","type":"page","link":"http:\/\/wordpress.archigraphic.de\/ferienhaus-dat-huuske\/dat-huuske\/","title":{"rendered":"Dat Huuske"},"content":{"rendered":"<p style=\"text-align: justify;\">[symple_column size=&#8220;five-sixth&#8220; position=&#8220;first&#8220; fade_in=&#8220;false&#8220;]<\/p>\n<p style=\"text-align: justify;\"><span style=\"font-size: 12pt;\">&#8222;Dat Huuske&#8220; bietet Ihnen durch die ruhige Lage, der N\u00e4he zur Natur und der gesunden ostfriesischen Luft ein sch\u00f6nes Ambiente f\u00fcr Ihren ersehnten und erholsamen Urlaub.<\/span><\/p>\n<p style=\"text-align: justify;\"><span style=\"font-size: 12pt;\">&#8222;Dat Huuske&#8220; selbst verf\u00fcgt \u00fcber eine angenehme Wohnfl\u00e4che f\u00fcr 1-4 Personen.<\/span><\/p>\n<p style=\"text-align: justify;\"><span style=\"font-size: 12pt;\">Dazu bieten sich noch die Terrasse und Gartenfl\u00e4che von ca. 350 m\u00b2 zum Grillen, Sonnen oder einfach nur zum Entspannen an.<\/span><\/p>\n<p style=\"text-align: justify;\"><span style=\"font-size: 12pt;\">Dar\u00fcber hinaus verf\u00fcgt die Auffahrt des Ferienhauses noch \u00fcber ausreichend Platz, der beispielsweise als ein weiterer Stellplatz genutzt werden kann.<\/span><\/p>\n<p style=\"text-align: justify;\"><span style=\"font-size: 12pt;\">&#8222;Dat Huuske&#8220; ist jedoch ein Nichtraucherhaus und wir bitten um Ihr Verst\u00e4ndnis daf\u00fcr.<\/span><\/p>\n<p style=\"text-align: justify;\">[\/symple_column]<\/p>\n<p style=\"text-align: justify;\">[symple_column size=&#8220;one-sixth&#8220; position=&#8220;last&#8220; fade_in=&#8220;false&#8220;]<\/p>\n\n\t\t<style type=\"text\/css\">\n\t\t\t#gallery-1 {\n\t\t\t\tmargin: auto;\n\t\t\t}\n\t\t\t#gallery-1 .gallery-item {\n\t\t\t\tfloat: left;\n\t\t\t\tmargin-top: 10px;\n\t\t\t\ttext-align: center;\n\t\t\t\twidth: 100%;\n\t\t\t}\n\t\t\t#gallery-1 img {\n\t\t\t\tborder: 2px solid #cfcfcf;\n\t\t\t}\n\t\t\t#gallery-1 .gallery-caption {\n\t\t\t\tmargin-left: 0;\n\t\t\t}\n\t\t\t\/* see gallery_shortcode() in wp-includes\/media.php *\/\n\t\t<\/style>\n\t\t<div id='gallery-1' class='gallery galleryid-11 gallery-columns-1 gallery-size-thumbnail'><dl class='gallery-item'>\n\t\t\t<dt class='gallery-icon landscape'>\n\t\t\t\t<a href='http:\/\/wordpress.archigraphic.de\/ferienhaus-dat-huuske\/willkommen\/ferienhaus-dat-huuske-3\/'><img loading=\"lazy\" decoding=\"async\" width=\"150\" height=\"150\" src=\"http:\/\/wordpress.archigraphic.de\/ferienhaus-dat-huuske\/wp-content\/uploads\/sites\/6\/2015\/04\/ferienhaus-dat-huuske-3-150x150.jpg\" class=\"attachment-thumbnail size-thumbnail\" alt=\"\" \/><\/a>\n\t\t\t<\/dt><\/dl><br style=\"clear: both\" \/><dl class='gallery-item'>\n\t\t\t<dt class='gallery-icon landscape'>\n\t\t\t\t<a href='http:\/\/wordpress.archigraphic.de\/ferienhaus-dat-huuske\/dat-huuske\/ferienhaus-dat-huuske-17\/'><img loading=\"lazy\" decoding=\"async\" width=\"150\" height=\"150\" src=\"http:\/\/wordpress.archigraphic.de\/ferienhaus-dat-huuske\/wp-content\/uploads\/sites\/6\/2015\/04\/ferienhaus-dat-huuske-17-150x150.jpg\" class=\"attachment-thumbnail size-thumbnail\" alt=\"\" \/><\/a>\n\t\t\t<\/dt><\/dl><br style=\"clear: both\" \/><dl class='gallery-item'>\n\t\t\t<dt class='gallery-icon landscape'>\n\t\t\t\t<a href='http:\/\/wordpress.archigraphic.de\/ferienhaus-dat-huuske\/willkommen\/ferienhaus-dat-huuske-1\/'><img loading=\"lazy\" decoding=\"async\" width=\"150\" height=\"150\" src=\"http:\/\/wordpress.archigraphic.de\/ferienhaus-dat-huuske\/wp-content\/uploads\/sites\/6\/2015\/04\/ferienhaus-dat-huuske-1-150x150.jpg\" class=\"attachment-thumbnail size-thumbnail\" alt=\"\" \/><\/a>\n\t\t\t<\/dt><\/dl><br style=\"clear: both\" \/>\n\t\t<\/div>\n\n<p style=\"text-align: justify;\">[\/symple_column]<\/p>\n","protected":false},"excerpt":{"rendered":"<p>[symple_column size=&#8220;five-sixth&#8220; position=&#8220;first&#8220; fade_in=&#8220;false&#8220;] &#8222;Dat Huuske&#8220; bietet Ihnen durch die ruhige Lage, der N\u00e4he zur Natur und der gesunden ostfriesischen Luft ein sch\u00f6nes Ambiente f\u00fcr Ihren ersehnten und erholsamen Urlaub. &#8222;Dat Huuske&#8220; selbst verf\u00fcgt \u00fcber eine angenehme Wohnfl\u00e4che f\u00fcr 1-4 Personen. Dazu bieten sich noch die Terrasse und Gartenfl\u00e4che von ca. 350 m\u00b2 zum Grillen, [&hellip;]<\/p>\n","protected":false},"author":1,"featured_media":0,"parent":0,"menu_order":0,"comment_status":"closed","ping_status":"closed","template":"templates\/portfolio.php","meta":{"footnotes":""},"class_list":["post-11","page","type-page","status-publish","hentry","page-entry","loop-entry","clr"],"_links":{"self":[{"href":"http:\/\/wordpress.archigraphic.de\/ferienhaus-dat-huuske\/wp-json\/wp\/v2\/pages\/11","targetHints":{"allow":["GET"]}}],"collection":[{"href":"http:\/\/wordpress.archigraphic.de\/ferienhaus-dat-huuske\/wp-json\/wp\/v2\/pages"}],"about":[{"href":"http:\/\/wordpress.archigraphic.de\/ferienhaus-dat-huuske\/wp-json\/wp\/v2\/types\/page"}],"author":[{"embeddable":true,"href":"http:\/\/wordpress.archigraphic.de\/ferienhaus-dat-huuske\/wp-json\/wp\/v2\/users\/1"}],"replies":[{"embeddable":true,"href":"http:\/\/wordpress.archigraphic.de\/ferienhaus-dat-huuske\/wp-json\/wp\/v2\/comments?post=11"}],"version-history":[{"count":9,"href":"http:\/\/wordpress.archigraphic.de\/ferienhaus-dat-huuske\/wp-json\/wp\/v2\/pages\/11\/revisions"}],"predecessor-version":[{"id":170,"href":"http:\/\/wordpress.archigraphic.de\/ferienhaus-dat-huuske\/wp-json\/wp\/v2\/pages\/11\/revisions\/170"}],"wp:attachment":[{"href":"http:\/\/wordpress.archigraphic.de\/ferienhaus-dat-huuske\/wp-json\/wp\/v2\/media?parent=11"}],"curies":[{"name":"wp","href":"https:\/\/api.w.org\/{rel}","templated":true}]}}