{"id":13,"date":"2015-04-25T18:28:06","date_gmt":"2015-04-25T16:28:06","guid":{"rendered":"http:\/\/wordpress.archigraphic.de\/ferienhaus-dat-huuske\/?page_id=13"},"modified":"2022-03-04T02:11:38","modified_gmt":"2022-03-04T01:11:38","slug":"ausstattung","status":"publish","type":"page","link":"http:\/\/wordpress.archigraphic.de\/ferienhaus-dat-huuske\/ausstattung\/","title":{"rendered":"Ausstattung"},"content":{"rendered":"<p style=\"text-align: justify;\">[symple_column size=&#8220;five-sixth&#8220; position=&#8220;first&#8220; fade_in=&#8220;false&#8220;]<\/p>\n<p style=\"text-align: justify;\"><span style=\"font-size: 12pt;\">&#8222;Dat Huuske&#8220; bietet Ihnen Platz f\u00fcr 1 &#8211; 4 Personen<\/span><\/p>\n<p style=\"text-align: justify;\"><strong><span style=\"font-size: 12pt;\">Im Erdgeschoss:<\/span><\/strong><\/p>\n<ul style=\"text-align: justify;\">\n<li><span style=\"font-size: 12pt;\">Schlafzimmer f\u00fcr bis zu 2 Personen (2 Betten)<\/span><\/li>\n<li><span style=\"font-size: 12pt;\">K\u00fcche (Sp\u00fcle, E-Herd, Backofen, Kaffeemaschine, Toaster, Wasserkocher)<\/span><\/li>\n<li><span style=\"font-size: 12pt;\">Wohnzimmer (Radio &amp; TV)<\/span><\/li>\n<li><span style=\"font-size: 12pt;\">Bad (Dusche, WC, Waschbecken)<\/span><\/li>\n<li><span style=\"font-size: 12pt;\">Abstellraum<\/span><\/li>\n<\/ul>\n<p style=\"text-align: justify;\"><strong><span style=\"font-size: 12pt;\">Im Dachgeschoss:<\/span><\/strong><\/p>\n<ul style=\"text-align: justify;\">\n<li><span style=\"font-size: 12pt;\">Ausgebauter Spitzboden als Schlafraum f\u00fcr bis zu 2 Personen 1 (2 Betten, Raumh\u00f6he betr\u00e4gt ca. 1,30 m)<\/span><\/li>\n<\/ul>\n<p style=\"text-align: justify;\"><strong><span style=\"font-size: 12pt;\">Die Au\u00dfenanlage:<\/span><\/strong><\/p>\n<ul>\n<li style=\"text-align: justify;\"><span style=\"font-size: 12pt;\">Terrasse mit Grillplatz (inkl. Gartenm\u00f6beln &amp; Sonnenschirm)<\/span><\/li>\n<li style=\"text-align: justify;\"><span style=\"font-size: 12pt;\">Garten mit Sandkiste &amp; Tischtennisplatte<\/span><\/li>\n<li style=\"text-align: justify;\"><span style=\"font-size: 12pt;\">Carport mit Schuppen (inkl. zwei Fahrr\u00e4der)<\/span><\/li>\n<\/ul>\n<p>[\/symple_column]<\/p>\n<p>[symple_column size=&#8220;one-sixth&#8220; position=&#8220;last&#8220; fade_in=&#8220;false&#8220;]<\/p>\n\n\t\t<style type=\"text\/css\">\n\t\t\t#gallery-1 {\n\t\t\t\tmargin: auto;\n\t\t\t}\n\t\t\t#gallery-1 .gallery-item {\n\t\t\t\tfloat: left;\n\t\t\t\tmargin-top: 10px;\n\t\t\t\ttext-align: center;\n\t\t\t\twidth: 100%;\n\t\t\t}\n\t\t\t#gallery-1 img {\n\t\t\t\tborder: 2px solid #cfcfcf;\n\t\t\t}\n\t\t\t#gallery-1 .gallery-caption {\n\t\t\t\tmargin-left: 0;\n\t\t\t}\n\t\t\t\/* see gallery_shortcode() in wp-includes\/media.php *\/\n\t\t<\/style>\n\t\t<div id='gallery-1' class='gallery galleryid-13 gallery-columns-1 gallery-size-thumbnail'><dl class='gallery-item'>\n\t\t\t<dt class='gallery-icon landscape'>\n\t\t\t\t<a href='http:\/\/wordpress.archigraphic.de\/ferienhaus-dat-huuske\/ausstattung\/ferienhaus-dat-huuske-10\/'><img loading=\"lazy\" decoding=\"async\" width=\"150\" height=\"150\" src=\"http:\/\/wordpress.archigraphic.de\/ferienhaus-dat-huuske\/wp-content\/uploads\/sites\/6\/2015\/04\/ferienhaus-dat-huuske-10-150x150.jpg\" class=\"attachment-thumbnail size-thumbnail\" alt=\"\" \/><\/a>\n\t\t\t<\/dt><\/dl><br style=\"clear: both\" \/><dl class='gallery-item'>\n\t\t\t<dt class='gallery-icon landscape'>\n\t\t\t\t<a href='http:\/\/wordpress.archigraphic.de\/ferienhaus-dat-huuske\/dat-huuske\/ferienhaus-dat-huuske-14-2\/'><img loading=\"lazy\" decoding=\"async\" width=\"150\" height=\"150\" src=\"http:\/\/wordpress.archigraphic.de\/ferienhaus-dat-huuske\/wp-content\/uploads\/sites\/6\/2015\/04\/ferienhaus-dat-huuske-141-150x150.jpg\" class=\"attachment-thumbnail size-thumbnail\" alt=\"\" \/><\/a>\n\t\t\t<\/dt><\/dl><br style=\"clear: both\" \/><dl class='gallery-item'>\n\t\t\t<dt class='gallery-icon landscape'>\n\t\t\t\t<a href='http:\/\/wordpress.archigraphic.de\/ferienhaus-dat-huuske\/ausstattung\/ferienhaus-dat-huuske-11\/'><img loading=\"lazy\" decoding=\"async\" width=\"150\" height=\"150\" src=\"http:\/\/wordpress.archigraphic.de\/ferienhaus-dat-huuske\/wp-content\/uploads\/sites\/6\/2015\/04\/ferienhaus-dat-huuske-11-150x150.jpg\" class=\"attachment-thumbnail size-thumbnail\" alt=\"\" \/><\/a>\n\t\t\t<\/dt><\/dl><br style=\"clear: both\" \/>\n\t\t<\/div>\n\n<p>[\/symple_column]<\/p>\n","protected":false},"excerpt":{"rendered":"<p>[symple_column size=&#8220;five-sixth&#8220; position=&#8220;first&#8220; fade_in=&#8220;false&#8220;] &#8222;Dat Huuske&#8220; bietet Ihnen Platz f\u00fcr 1 &#8211; 4 Personen Im Erdgeschoss: Schlafzimmer f\u00fcr bis zu 2 Personen (2 Betten) K\u00fcche (Sp\u00fcle, E-Herd, Backofen, Kaffeemaschine, Toaster, Wasserkocher) Wohnzimmer (Radio &amp; TV) Bad (Dusche, WC, Waschbecken) Abstellraum Im Dachgeschoss: Ausgebauter Spitzboden als Schlafraum f\u00fcr bis zu 2 Personen 1 (2 Betten, Raumh\u00f6he [&hellip;]<\/p>\n","protected":false},"author":1,"featured_media":0,"parent":0,"menu_order":0,"comment_status":"closed","ping_status":"closed","template":"templates\/portfolio.php","meta":{"footnotes":""},"class_list":["post-13","page","type-page","status-publish","hentry","page-entry","loop-entry","clr"],"_links":{"self":[{"href":"http:\/\/wordpress.archigraphic.de\/ferienhaus-dat-huuske\/wp-json\/wp\/v2\/pages\/13","targetHints":{"allow":["GET"]}}],"collection":[{"href":"http:\/\/wordpress.archigraphic.de\/ferienhaus-dat-huuske\/wp-json\/wp\/v2\/pages"}],"about":[{"href":"http:\/\/wordpress.archigraphic.de\/ferienhaus-dat-huuske\/wp-json\/wp\/v2\/types\/page"}],"author":[{"embeddable":true,"href":"http:\/\/wordpress.archigraphic.de\/ferienhaus-dat-huuske\/wp-json\/wp\/v2\/users\/1"}],"replies":[{"embeddable":true,"href":"http:\/\/wordpress.archigraphic.de\/ferienhaus-dat-huuske\/wp-json\/wp\/v2\/comments?post=13"}],"version-history":[{"count":10,"href":"http:\/\/wordpress.archigraphic.de\/ferienhaus-dat-huuske\/wp-json\/wp\/v2\/pages\/13\/revisions"}],"predecessor-version":[{"id":171,"href":"http:\/\/wordpress.archigraphic.de\/ferienhaus-dat-huuske\/wp-json\/wp\/v2\/pages\/13\/revisions\/171"}],"wp:attachment":[{"href":"http:\/\/wordpress.archigraphic.de\/ferienhaus-dat-huuske\/wp-json\/wp\/v2\/media?parent=13"}],"curies":[{"name":"wp","href":"https:\/\/api.w.org\/{rel}","templated":true}]}}