{"id":15,"date":"2015-04-25T18:28:45","date_gmt":"2015-04-25T16:28:45","guid":{"rendered":"http:\/\/wordpress.archigraphic.de\/ferienhaus-dat-huuske\/?page_id=15"},"modified":"2016-05-02T13:42:57","modified_gmt":"2016-05-02T11:42:57","slug":"der-ort","status":"publish","type":"page","link":"http:\/\/wordpress.archigraphic.de\/ferienhaus-dat-huuske\/der-ort\/","title":{"rendered":"Der Ort"},"content":{"rendered":"<p style=\"text-align: justify;\">[symple_column size=&#8220;five-sixth&#8220; position=&#8220;first&#8220; fade_in=&#8220;false&#8220;]<\/p>\n<p style=\"text-align: justify;\"><span style=\"font-size: 12pt;\">Der Ort und die Umgebung bieten nicht nur eine traumhafte Landschaft mit zahllosen Ausflugsm\u00f6glichkeiten, sondern auch viele Einrichtungen, die den Urlaub richtig angenehm machen und einfach zu erreichen sind.<\/span><\/p>\n<p style=\"text-align: justify;\"><strong><span style=\"font-size: 12pt;\">Im Ort selbst befinden sich zum Beispiel:<\/span><\/strong><\/p>\n<ul style=\"text-align: justify;\">\n<li><span style=\"font-size: 12pt;\">Supermarkt, Freibad, Sportplatz, Kegelbahn, diverse Gastst\u00e4tten, Bank- und Postfilialen, diverse Fachgesch\u00e4fte, Arztpraxis, etc.<\/span><\/li>\n<\/ul>\n<p style=\"text-align: justify;\"><strong><span style=\"font-size: 12pt;\">Zum Einkaufen und Bummeln in unmittelbarer N\u00e4he:<\/span><\/strong><\/p>\n<ul style=\"text-align: justify;\">\n<li><span style=\"font-size: 12pt;\">Aurich (6km), Emden (27km), Leer (25km)<\/span><\/li>\n<\/ul>\n<p style=\"text-align: justify;\"><span style=\"font-size: 12pt;\">In Aurich-Wallinghausen &#8211; &nbsp;direkt neben der Gastst\u00e4tte &#8222;Mutter Janssen&#8220; &#8211; gibt zudem einen gro\u00dfen Kletterparcour. Der &#8222;Kraxelmaxel&#8220; bietet mit ca. 60 Stationen Spa\u00df f\u00fcr die ganze Familie.<\/span><\/p>\n<p style=\"text-align: justify;\"><span style=\"font-size: 12pt;\">Ideal zum Radfahren und Wandern bieten sich der Ostfriesland Wanderweg (direkt am Ems-Jade-Kanal), die Deutsche Fehnroute mit ihren sch\u00f6nen M\u00fchlen- und Fehnd\u00f6rfern oder ein Ausflug an die Nordseek\u00fcste an.<\/span><\/p>\n<p style=\"text-align: justify;\">[\/symple_column]<\/p>\n<p style=\"text-align: justify;\">[symple_column size=&#8220;one-sixth&#8220; position=&#8220;last&#8220; fade_in=&#8220;false&#8220;]<\/p>\n\n\t\t<style type=\"text\/css\">\n\t\t\t#gallery-1 {\n\t\t\t\tmargin: auto;\n\t\t\t}\n\t\t\t#gallery-1 .gallery-item {\n\t\t\t\tfloat: left;\n\t\t\t\tmargin-top: 10px;\n\t\t\t\ttext-align: center;\n\t\t\t\twidth: 100%;\n\t\t\t}\n\t\t\t#gallery-1 img {\n\t\t\t\tborder: 2px solid #cfcfcf;\n\t\t\t}\n\t\t\t#gallery-1 .gallery-caption {\n\t\t\t\tmargin-left: 0;\n\t\t\t}\n\t\t\t\/* see gallery_shortcode() in wp-includes\/media.php *\/\n\t\t<\/style>\n\t\t<div id='gallery-1' class='gallery galleryid-15 gallery-columns-1 gallery-size-thumbnail'><dl class='gallery-item'>\n\t\t\t<dt class='gallery-icon landscape'>\n\t\t\t\t<a href='http:\/\/wordpress.archigraphic.de\/ferienhaus-dat-huuske\/willkommen\/ferienhaus-dat-huuske-1\/'><img loading=\"lazy\" decoding=\"async\" width=\"150\" height=\"150\" src=\"http:\/\/wordpress.archigraphic.de\/ferienhaus-dat-huuske\/wp-content\/uploads\/sites\/6\/2015\/04\/ferienhaus-dat-huuske-1-150x150.jpg\" class=\"attachment-thumbnail size-thumbnail\" alt=\"\" \/><\/a>\n\t\t\t<\/dt><\/dl><br style=\"clear: both\" \/><dl class='gallery-item'>\n\t\t\t<dt class='gallery-icon landscape'>\n\t\t\t\t<a href='http:\/\/wordpress.archigraphic.de\/ferienhaus-dat-huuske\/willkommen\/ferienhaus-dat-huuske-3\/'><img loading=\"lazy\" decoding=\"async\" width=\"150\" height=\"150\" src=\"http:\/\/wordpress.archigraphic.de\/ferienhaus-dat-huuske\/wp-content\/uploads\/sites\/6\/2015\/04\/ferienhaus-dat-huuske-3-150x150.jpg\" class=\"attachment-thumbnail size-thumbnail\" alt=\"\" \/><\/a>\n\t\t\t<\/dt><\/dl><br style=\"clear: both\" \/>\n\t\t<\/div>\n\n<p style=\"text-align: justify;\">[\/symple_column]<\/p>\n","protected":false},"excerpt":{"rendered":"<p>[symple_column size=&#8220;five-sixth&#8220; position=&#8220;first&#8220; fade_in=&#8220;false&#8220;] Der Ort und die Umgebung bieten nicht nur eine traumhafte Landschaft mit zahllosen Ausflugsm\u00f6glichkeiten, sondern auch viele Einrichtungen, die den Urlaub richtig angenehm machen und einfach zu erreichen sind. Im Ort selbst befinden sich zum Beispiel: Supermarkt, Freibad, Sportplatz, Kegelbahn, diverse Gastst\u00e4tten, Bank- und Postfilialen, diverse Fachgesch\u00e4fte, Arztpraxis, etc. Zum Einkaufen [&hellip;]<\/p>\n","protected":false},"author":1,"featured_media":0,"parent":0,"menu_order":0,"comment_status":"closed","ping_status":"closed","template":"templates\/portfolio.php","meta":{"footnotes":""},"class_list":["post-15","page","type-page","status-publish","hentry","page-entry","loop-entry","clr"],"_links":{"self":[{"href":"http:\/\/wordpress.archigraphic.de\/ferienhaus-dat-huuske\/wp-json\/wp\/v2\/pages\/15","targetHints":{"allow":["GET"]}}],"collection":[{"href":"http:\/\/wordpress.archigraphic.de\/ferienhaus-dat-huuske\/wp-json\/wp\/v2\/pages"}],"about":[{"href":"http:\/\/wordpress.archigraphic.de\/ferienhaus-dat-huuske\/wp-json\/wp\/v2\/types\/page"}],"author":[{"embeddable":true,"href":"http:\/\/wordpress.archigraphic.de\/ferienhaus-dat-huuske\/wp-json\/wp\/v2\/users\/1"}],"replies":[{"embeddable":true,"href":"http:\/\/wordpress.archigraphic.de\/ferienhaus-dat-huuske\/wp-json\/wp\/v2\/comments?post=15"}],"version-history":[{"count":7,"href":"http:\/\/wordpress.archigraphic.de\/ferienhaus-dat-huuske\/wp-json\/wp\/v2\/pages\/15\/revisions"}],"predecessor-version":[{"id":167,"href":"http:\/\/wordpress.archigraphic.de\/ferienhaus-dat-huuske\/wp-json\/wp\/v2\/pages\/15\/revisions\/167"}],"wp:attachment":[{"href":"http:\/\/wordpress.archigraphic.de\/ferienhaus-dat-huuske\/wp-json\/wp\/v2\/media?parent=15"}],"curies":[{"name":"wp","href":"https:\/\/api.w.org\/{rel}","templated":true}]}}