{"id":17,"date":"2015-04-25T18:30:21","date_gmt":"2015-04-25T16:30:21","guid":{"rendered":"http:\/\/wordpress.archigraphic.de\/ferienhaus-dat-huuske\/?page_id=17"},"modified":"2015-04-26T15:15:55","modified_gmt":"2015-04-26T13:15:55","slug":"anfahrt","status":"publish","type":"page","link":"http:\/\/wordpress.archigraphic.de\/ferienhaus-dat-huuske\/anfahrt\/","title":{"rendered":"Anfahrt"},"content":{"rendered":"<p style=\"text-align: justify;\">[symple_column size=&#8220;five-sixth&#8220; position=&#8220;first&#8220; fade_in=&#8220;false&#8220;]<\/p>\n<p style=\"text-align: justify;\"><span style=\"font-size: 12pt;\">&#8222;Dat Huuske&#8220; ist im Herzen von Ostfriesland, genauer gesagt in dem Ort Holtrop zu finden.<\/span><\/p>\n<p style=\"text-align: justify;\"><span style=\"font-size: 12pt;\">Holtrop ist ein Dorf, das ca. 6 Km vor den Toren der Stadt Aurich liegt und leicht mit dem Auto, Motorrad oder Fahrrad zu erreichen ist.<\/span><\/p>\n<p style=\"text-align: justify;\"><span style=\"font-size: 12pt;\">Nat\u00fcrlich ist auch die Anreise mit der Deutschen Bahn AG \u00fcber den Bahnhof in der Stadt Leer m\u00f6glich.<\/span><\/p>\n<p style=\"text-align: justify;\"><span style=\"font-size: 12pt;\">Es besteht am Bahnhof bzw. in Leer die M\u00f6glichkeit, mit einer der mehrmals t\u00e4glich verkehrenden Busverbindungen zwischen Leer und Aurich nach Holtrop zu gelangen.<\/span><\/p>\n<p style=\"text-align: justify;\"><span style=\"font-size: 12pt;\">Die Haltstelle Ihrer Busverbindung, &#8222;Ostersander-Kreuzung&#8220;, ist zudem nur ca. 5 Minuten Fu\u00dfweg von Ihrer Ferienunterkunft entfernt.<\/span><\/p>\n<p style=\"text-align: justify;\"><span style=\"font-size: 12pt;\">Sollten Sie weitere Fragen haben schreiben Sie uns einfach eine eMail oder rufen Sie uns an.<\/span><\/p>\n<p style=\"text-align: justify;\"><span style=\"font-size: 12pt;\">Wir freuen uns sehr Sie in unserem Ferienhaus Dat Huuske Willkommen hei\u00dfen zu k\u00f6nnen!<\/span><\/p>\n<p style=\"text-align: justify;\">[\/symple_column]<\/p>\n<p>\u00a0[symple_column size=&#8220;one-sixth&#8220; position=&#8220;last&#8220; fade_in=&#8220;false&#8220;]<\/p>\n<p>\n\t\t<style type=\"text\/css\">\n\t\t\t#gallery-1 {\n\t\t\t\tmargin: auto;\n\t\t\t}\n\t\t\t#gallery-1 .gallery-item {\n\t\t\t\tfloat: left;\n\t\t\t\tmargin-top: 10px;\n\t\t\t\ttext-align: center;\n\t\t\t\twidth: 100%;\n\t\t\t}\n\t\t\t#gallery-1 img {\n\t\t\t\tborder: 2px solid #cfcfcf;\n\t\t\t}\n\t\t\t#gallery-1 .gallery-caption {\n\t\t\t\tmargin-left: 0;\n\t\t\t}\n\t\t\t\/* see gallery_shortcode() in wp-includes\/media.php *\/\n\t\t<\/style>\n\t\t<div id='gallery-1' class='gallery galleryid-17 gallery-columns-1 gallery-size-thumbnail'><dl class='gallery-item'>\n\t\t\t<dt class='gallery-icon landscape'>\n\t\t\t\t<a href='http:\/\/wordpress.archigraphic.de\/ferienhaus-dat-huuske\/anfahrt\/ferienhaus-dat-huuske-karte-1\/'><img loading=\"lazy\" decoding=\"async\" width=\"150\" height=\"150\" src=\"http:\/\/wordpress.archigraphic.de\/ferienhaus-dat-huuske\/wp-content\/uploads\/sites\/6\/2015\/04\/ferienhaus-dat-huuske-karte-1-150x150.jpg\" class=\"attachment-thumbnail size-thumbnail\" alt=\"\" \/><\/a>\n\t\t\t<\/dt><\/dl><br style=\"clear: both\" \/><dl class='gallery-item'>\n\t\t\t<dt class='gallery-icon landscape'>\n\t\t\t\t<a href='http:\/\/wordpress.archigraphic.de\/ferienhaus-dat-huuske\/anfahrt\/ferienhaus-dat-huuske-karte-2\/'><img loading=\"lazy\" decoding=\"async\" width=\"150\" height=\"150\" src=\"http:\/\/wordpress.archigraphic.de\/ferienhaus-dat-huuske\/wp-content\/uploads\/sites\/6\/2015\/04\/ferienhaus-dat-huuske-karte-2-150x150.jpg\" class=\"attachment-thumbnail size-thumbnail\" alt=\"\" \/><\/a>\n\t\t\t<\/dt><\/dl><br style=\"clear: both\" \/><dl class='gallery-item'>\n\t\t\t<dt class='gallery-icon landscape'>\n\t\t\t\t<a href='http:\/\/wordpress.archigraphic.de\/ferienhaus-dat-huuske\/anfahrt\/ferienhaus-dat-huuske-karte-3\/'><img loading=\"lazy\" decoding=\"async\" width=\"150\" height=\"150\" src=\"http:\/\/wordpress.archigraphic.de\/ferienhaus-dat-huuske\/wp-content\/uploads\/sites\/6\/2015\/04\/ferienhaus-dat-huuske-karte-3-150x150.jpg\" class=\"attachment-thumbnail size-thumbnail\" alt=\"\" \/><\/a>\n\t\t\t<\/dt><\/dl><br style=\"clear: both\" \/>\n\t\t<\/div>\n<br \/>\n[\/symple_column]<\/p>\n","protected":false},"excerpt":{"rendered":"<p>[symple_column size=&#8220;five-sixth&#8220; position=&#8220;first&#8220; fade_in=&#8220;false&#8220;] &#8222;Dat Huuske&#8220; ist im Herzen von Ostfriesland, genauer gesagt in dem Ort Holtrop zu finden. Holtrop ist ein Dorf, das ca. 6 Km vor den Toren der Stadt Aurich liegt und leicht mit dem Auto, Motorrad oder Fahrrad zu erreichen ist. Nat\u00fcrlich ist auch die Anreise mit der Deutschen Bahn AG [&hellip;]<\/p>\n","protected":false},"author":1,"featured_media":0,"parent":0,"menu_order":0,"comment_status":"closed","ping_status":"closed","template":"templates\/portfolio.php","meta":{"footnotes":""},"class_list":["post-17","page","type-page","status-publish","hentry","page-entry","loop-entry","clr"],"_links":{"self":[{"href":"http:\/\/wordpress.archigraphic.de\/ferienhaus-dat-huuske\/wp-json\/wp\/v2\/pages\/17","targetHints":{"allow":["GET"]}}],"collection":[{"href":"http:\/\/wordpress.archigraphic.de\/ferienhaus-dat-huuske\/wp-json\/wp\/v2\/pages"}],"about":[{"href":"http:\/\/wordpress.archigraphic.de\/ferienhaus-dat-huuske\/wp-json\/wp\/v2\/types\/page"}],"author":[{"embeddable":true,"href":"http:\/\/wordpress.archigraphic.de\/ferienhaus-dat-huuske\/wp-json\/wp\/v2\/users\/1"}],"replies":[{"embeddable":true,"href":"http:\/\/wordpress.archigraphic.de\/ferienhaus-dat-huuske\/wp-json\/wp\/v2\/comments?post=17"}],"version-history":[{"count":3,"href":"http:\/\/wordpress.archigraphic.de\/ferienhaus-dat-huuske\/wp-json\/wp\/v2\/pages\/17\/revisions"}],"predecessor-version":[{"id":112,"href":"http:\/\/wordpress.archigraphic.de\/ferienhaus-dat-huuske\/wp-json\/wp\/v2\/pages\/17\/revisions\/112"}],"wp:attachment":[{"href":"http:\/\/wordpress.archigraphic.de\/ferienhaus-dat-huuske\/wp-json\/wp\/v2\/media?parent=17"}],"curies":[{"name":"wp","href":"https:\/\/api.w.org\/{rel}","templated":true}]}}