{"id":19,"date":"2015-04-25T18:31:12","date_gmt":"2015-04-25T16:31:12","guid":{"rendered":"http:\/\/wordpress.archigraphic.de\/ferienhaus-dat-huuske\/?page_id=19"},"modified":"2024-04-08T14:23:59","modified_gmt":"2024-04-08T12:23:59","slug":"preise","status":"publish","type":"page","link":"http:\/\/wordpress.archigraphic.de\/ferienhaus-dat-huuske\/preise\/","title":{"rendered":"Preise"},"content":{"rendered":"<p style=\"text-align: justify;\">[symple_column size=&#8220;five-sixth&#8220; position=&#8220;first&#8220; fade_in=&#8220;false&#8220;]<\/p>\n<p style=\"text-align: justify;\"><span style=\"font-size: 12pt;\"><strong>Preis pro \u00dcbernachtung:<\/strong><\/span><\/p>\n<ul style=\"text-align: justify;\">\n<li><span style=\"font-size: 12pt;\">2 Erwachsene: 45 \u20ac<\/span><\/li>\n<li><span style=\"font-size: 12pt;\">Jede(s) weitere Person\/Kind: 5,00 \u20ac<\/span><\/li>\n<\/ul>\n<p style=\"text-align: justify;\"><span style=\"font-size: 12pt;\"><strong>Sonstiges:<\/strong><\/span><\/p>\n<ul>\n<li style=\"text-align: justify;\"><span style=\"font-size: 12pt;\">Endreinigung entf\u00e4llt<\/span><\/li>\n<li style=\"text-align: justify;\"><span style=\"font-size: 12pt;\">Bettw\u00e4sche und Handt\u00fccher sind ab 3 \u00dcbernachtungen frei<\/span><\/li>\n<li><span style=\"font-size: 12pt;\">Bettw\u00e4sche und Handt\u00fccher unter 3 \u00dcbernachtungen: 10,00 \u20ac<\/span><\/li>\n<li style=\"text-align: justify;\"><span style=\"font-size: 12pt;\">Hund ist nach Absprache m\u00f6glich: 10,00 \u20ac<\/span><\/li>\n<li><span style=\"font-size: 12pt;\">Jeder weitere Hund: 10,00 \u20ac<\/span><\/li>\n<\/ul>\n<p>[\/symple_column]<\/p>\n<p>[symple_column size=&#8220;one-sixth&#8220; position=&#8220;last&#8220; fade_in=&#8220;false&#8220;]<\/p>\n\n\t\t<style type=\"text\/css\">\n\t\t\t#gallery-1 {\n\t\t\t\tmargin: auto;\n\t\t\t}\n\t\t\t#gallery-1 .gallery-item {\n\t\t\t\tfloat: left;\n\t\t\t\tmargin-top: 10px;\n\t\t\t\ttext-align: center;\n\t\t\t\twidth: 100%;\n\t\t\t}\n\t\t\t#gallery-1 img {\n\t\t\t\tborder: 2px solid #cfcfcf;\n\t\t\t}\n\t\t\t#gallery-1 .gallery-caption {\n\t\t\t\tmargin-left: 0;\n\t\t\t}\n\t\t\t\/* see gallery_shortcode() in wp-includes\/media.php *\/\n\t\t<\/style>\n\t\t<div id='gallery-1' class='gallery galleryid-19 gallery-columns-1 gallery-size-thumbnail'><dl class='gallery-item'>\n\t\t\t<dt class='gallery-icon landscape'>\n\t\t\t\t<a href='http:\/\/wordpress.archigraphic.de\/ferienhaus-dat-huuske\/preise\/ferienhaus-dat-huuske-12\/'><img loading=\"lazy\" decoding=\"async\" width=\"150\" height=\"150\" src=\"http:\/\/wordpress.archigraphic.de\/ferienhaus-dat-huuske\/wp-content\/uploads\/sites\/6\/2015\/04\/ferienhaus-dat-huuske-12-150x150.jpg\" class=\"attachment-thumbnail size-thumbnail\" alt=\"\" \/><\/a>\n\t\t\t<\/dt><\/dl><br style=\"clear: both\" \/><dl class='gallery-item'>\n\t\t\t<dt class='gallery-icon landscape'>\n\t\t\t\t<a href='http:\/\/wordpress.archigraphic.de\/ferienhaus-dat-huuske\/preise\/ferienhaus-dat-huuske-13\/'><img loading=\"lazy\" decoding=\"async\" width=\"150\" height=\"150\" src=\"http:\/\/wordpress.archigraphic.de\/ferienhaus-dat-huuske\/wp-content\/uploads\/sites\/6\/2015\/04\/ferienhaus-dat-huuske-13-150x150.jpg\" class=\"attachment-thumbnail size-thumbnail\" alt=\"\" \/><\/a>\n\t\t\t<\/dt><\/dl><br style=\"clear: both\" \/><dl class='gallery-item'>\n\t\t\t<dt class='gallery-icon landscape'>\n\t\t\t\t<a href='http:\/\/wordpress.archigraphic.de\/ferienhaus-dat-huuske\/ausstattung\/ferienhaus-dat-huuske-4\/'><img loading=\"lazy\" decoding=\"async\" width=\"150\" height=\"150\" src=\"http:\/\/wordpress.archigraphic.de\/ferienhaus-dat-huuske\/wp-content\/uploads\/sites\/6\/2015\/04\/ferienhaus-dat-huuske-4-150x150.jpg\" class=\"attachment-thumbnail size-thumbnail\" alt=\"\" \/><\/a>\n\t\t\t<\/dt><\/dl><br style=\"clear: both\" \/>\n\t\t<\/div>\n\n<p>[\/symple_column]<\/p>\n","protected":false},"excerpt":{"rendered":"<p>[symple_column size=&#8220;five-sixth&#8220; position=&#8220;first&#8220; fade_in=&#8220;false&#8220;] Preis pro \u00dcbernachtung: 2 Erwachsene: 45 \u20ac Jede(s) weitere Person\/Kind: 5,00 \u20ac Sonstiges: Endreinigung entf\u00e4llt Bettw\u00e4sche und Handt\u00fccher sind ab 3 \u00dcbernachtungen frei Bettw\u00e4sche und Handt\u00fccher unter 3 \u00dcbernachtungen: 10,00 \u20ac Hund ist nach Absprache m\u00f6glich: 10,00 \u20ac Jeder weitere Hund: 10,00 \u20ac [\/symple_column] [symple_column size=&#8220;one-sixth&#8220; position=&#8220;last&#8220; fade_in=&#8220;false&#8220;] [\/symple_column]<\/p>\n","protected":false},"author":1,"featured_media":0,"parent":0,"menu_order":0,"comment_status":"closed","ping_status":"closed","template":"templates\/portfolio.php","meta":{"footnotes":""},"class_list":["post-19","page","type-page","status-publish","hentry","page-entry","loop-entry","clr"],"_links":{"self":[{"href":"http:\/\/wordpress.archigraphic.de\/ferienhaus-dat-huuske\/wp-json\/wp\/v2\/pages\/19","targetHints":{"allow":["GET"]}}],"collection":[{"href":"http:\/\/wordpress.archigraphic.de\/ferienhaus-dat-huuske\/wp-json\/wp\/v2\/pages"}],"about":[{"href":"http:\/\/wordpress.archigraphic.de\/ferienhaus-dat-huuske\/wp-json\/wp\/v2\/types\/page"}],"author":[{"embeddable":true,"href":"http:\/\/wordpress.archigraphic.de\/ferienhaus-dat-huuske\/wp-json\/wp\/v2\/users\/1"}],"replies":[{"embeddable":true,"href":"http:\/\/wordpress.archigraphic.de\/ferienhaus-dat-huuske\/wp-json\/wp\/v2\/comments?post=19"}],"version-history":[{"count":9,"href":"http:\/\/wordpress.archigraphic.de\/ferienhaus-dat-huuske\/wp-json\/wp\/v2\/pages\/19\/revisions"}],"predecessor-version":[{"id":179,"href":"http:\/\/wordpress.archigraphic.de\/ferienhaus-dat-huuske\/wp-json\/wp\/v2\/pages\/19\/revisions\/179"}],"wp:attachment":[{"href":"http:\/\/wordpress.archigraphic.de\/ferienhaus-dat-huuske\/wp-json\/wp\/v2\/media?parent=19"}],"curies":[{"name":"wp","href":"https:\/\/api.w.org\/{rel}","templated":true}]}}