{"id":25,"date":"2015-04-25T18:53:09","date_gmt":"2015-04-25T16:53:09","guid":{"rendered":"http:\/\/wordpress.archigraphic.de\/ferienhaus-dat-huuske\/?page_id=25"},"modified":"2015-09-01T23:41:52","modified_gmt":"2015-09-01T21:41:52","slug":"gaestebuch","status":"publish","type":"page","link":"http:\/\/wordpress.archigraphic.de\/ferienhaus-dat-huuske\/gaestebuch\/","title":{"rendered":"G\u00e4stebuch"},"content":{"rendered":"<p style=\"text-align: justify;\"><span style=\"font-size: 12pt;\">Ihre Meinung ist uns sehr wichtig! Beachten Sie, dass Ihr Eintrag nicht sofort erscheint, denn unser G\u00e4stebuch ist moderiert. Wir bitten Sie daher um etwas Geduld und m\u00f6chten Sie darauf hinweisen, dass folgende Regeln zu beachten sind, damit wir Ihren Beitrag im G\u00e4stebuch ver\u00f6ffentlichen k\u00f6nnen:<\/span><\/p>\n<ul style=\"text-align: justify;\">\n<li><span style=\"font-size: 12pt;\">Der Ton im G\u00e4stebuch sollte immer h\u00f6flich und von gegenseitigem Respekt gepr\u00e4gt sein.<\/span><\/li>\n<li><span style=\"font-size: 12pt;\">Beitr\u00e4ge, die Werbung zum Inhalt haben, sind Spam. Sie werden gel\u00f6scht.<\/span><\/li>\n<\/ul>\n<p style=\"text-align: justify;\"><span style=\"font-size: 12pt;\">Wir behalten uns vor, Informationen von der Ver\u00f6ffentlichung auszuschlie\u00dfen, die \u00f6ffentlich Ansto\u00df erregen, Dritte verunglimpfen oder gegen geltendes Recht versto\u00dfen.<\/span><\/p>\n<p style=\"text-align: justify;\"><span style=\"font-size: 12pt;\">Wir danken Ihnen f\u00fcr Ihr Verst\u00e4ndnis und f\u00fcr die Einhaltung unserer G\u00e4stebuch-Regeln.<\/span><\/p>\n","protected":false},"excerpt":{"rendered":"<p>Ihre Meinung ist uns sehr wichtig! Beachten Sie, dass Ihr Eintrag nicht sofort erscheint, denn unser G\u00e4stebuch ist moderiert. Wir bitten Sie daher um etwas Geduld und m\u00f6chten Sie darauf hinweisen, dass folgende Regeln zu beachten sind, damit wir Ihren Beitrag im G\u00e4stebuch ver\u00f6ffentlichen k\u00f6nnen: Der Ton im G\u00e4stebuch sollte immer h\u00f6flich und von gegenseitigem [&hellip;]<\/p>\n","protected":false},"author":1,"featured_media":0,"parent":0,"menu_order":0,"comment_status":"open","ping_status":"closed","template":"templates\/guestbook.php","meta":{"footnotes":""},"class_list":["post-25","page","type-page","status-publish","hentry","page-entry","loop-entry","clr"],"_links":{"self":[{"href":"http:\/\/wordpress.archigraphic.de\/ferienhaus-dat-huuske\/wp-json\/wp\/v2\/pages\/25","targetHints":{"allow":["GET"]}}],"collection":[{"href":"http:\/\/wordpress.archigraphic.de\/ferienhaus-dat-huuske\/wp-json\/wp\/v2\/pages"}],"about":[{"href":"http:\/\/wordpress.archigraphic.de\/ferienhaus-dat-huuske\/wp-json\/wp\/v2\/types\/page"}],"author":[{"embeddable":true,"href":"http:\/\/wordpress.archigraphic.de\/ferienhaus-dat-huuske\/wp-json\/wp\/v2\/users\/1"}],"replies":[{"embeddable":true,"href":"http:\/\/wordpress.archigraphic.de\/ferienhaus-dat-huuske\/wp-json\/wp\/v2\/comments?post=25"}],"version-history":[{"count":16,"href":"http:\/\/wordpress.archigraphic.de\/ferienhaus-dat-huuske\/wp-json\/wp\/v2\/pages\/25\/revisions"}],"predecessor-version":[{"id":117,"href":"http:\/\/wordpress.archigraphic.de\/ferienhaus-dat-huuske\/wp-json\/wp\/v2\/pages\/25\/revisions\/117"}],"wp:attachment":[{"href":"http:\/\/wordpress.archigraphic.de\/ferienhaus-dat-huuske\/wp-json\/wp\/v2\/media?parent=25"}],"curies":[{"name":"wp","href":"https:\/\/api.w.org\/{rel}","templated":true}]}}